{"id":1511,"date":"2024-11-07T02:44:07","date_gmt":"2024-11-07T07:44:07","guid":{"rendered":"http:\/\/ddnstudio.com\/hpn20htatex3\/"},"modified":"2025-01-08T16:24:26","modified_gmt":"2025-01-08T21:24:26","slug":"sanatorio-adventista-de-asuncion","status":"publish","type":"page","link":"http:\/\/ddnstudio.com\/en\/sanatorio-adventista-de-asuncion\/","title":{"rendered":"ADVENTIST SANITARIUM ASUNCION"},"content":{"rendered":"<div data-elementor-type=\"wp-page\" data-elementor-id=\"1511\" class=\"elementor elementor-1511\" data-elementor-post-type=\"page\">\n\t\t\t\t<div class=\"elementor-element elementor-element-b8150f2 e-con-full e-flex e-con e-parent\" data-id=\"b8150f2\" data-element_type=\"container\" data-e-type=\"container\" data-settings=\"{&quot;background_background&quot;:&quot;classic&quot;}\">\n\t\t<div class=\"elementor-element elementor-element-a3689f4 e-con-full e-flex e-con e-child\" data-id=\"a3689f4\" data-element_type=\"container\" data-e-type=\"container\">\n\t\t\t\t<div class=\"elementor-element elementor-element-bf88696 elementor-widget elementor-widget-text-editor\" data-id=\"bf88696\" data-element_type=\"widget\" data-e-type=\"widget\" data-widget_type=\"text-editor.default\">\n\t\t\t\t<div class=\"elementor-widget-container\">\n\t\t\t\t\t\t\t\t\t<div id=\"film_roll_1\"><div><img decoding=\"async\" src=\"https:\/\/ddnstudio.com\/wp-content\/uploads\/2025\/01\/HPN20HBT_3_2-1-1024x641.jpg\"  alt=\"\" \/><\/div><div><img decoding=\"async\" src=\"https:\/\/ddnstudio.com\/wp-content\/uploads\/2025\/01\/HPN20HBT_3_3-1024x641.jpg\"  alt=\"\" \/><\/div><div><img decoding=\"async\" src=\"https:\/\/ddnstudio.com\/wp-content\/uploads\/2025\/01\/HPN20HTATEX_3_2-1024x642.jpg\"  alt=\"\" \/><\/div><div><img decoding=\"async\" src=\"https:\/\/ddnstudio.com\/wp-content\/uploads\/2025\/01\/HPN20HTATEX20-1024x393.jpg\"  alt=\"\" \/><\/div><div><img decoding=\"async\" src=\"https:\/\/ddnstudio.com\/wp-content\/uploads\/2025\/01\/HPNHTATEX_3_3-1024x512.jpg\"  alt=\"\" \/><\/div><div><img decoding=\"async\" src=\"https:\/\/ddnstudio.com\/wp-content\/uploads\/2025\/01\/HPNHTATEX_3_4-1024x642.jpg\"  alt=\"\" \/><\/div><div><img decoding=\"async\" src=\"https:\/\/ddnstudio.com\/wp-content\/uploads\/2025\/01\/imagen_2025-01-03_111529536-1024x705.png\"  alt=\"\" \/><\/div><div><img decoding=\"async\" src=\"https:\/\/ddnstudio.com\/wp-content\/uploads\/2025\/01\/imagen_2025-01-03_111553729-1024x700.png\"  alt=\"\" \/><\/div><div><img decoding=\"async\" src=\"https:\/\/ddnstudio.com\/wp-content\/uploads\/2025\/01\/imagen_2025-01-03_111610509.png\"  alt=\"\" \/><\/div><div><img decoding=\"async\" src=\"https:\/\/ddnstudio.com\/wp-content\/uploads\/2025\/01\/imagen_2025-01-03_111622070.png\"  alt=\"\" \/><\/div><div><img decoding=\"async\" src=\"https:\/\/ddnstudio.com\/wp-content\/uploads\/2025\/01\/imagen_2025-01-03_111651043-1024x688.png\"  alt=\"\" \/><\/div><div><img decoding=\"async\" src=\"https:\/\/ddnstudio.com\/wp-content\/uploads\/2025\/01\/imagen_2025-01-03_111707579-1024x704.png\"  alt=\"\" \/><\/div><\/div><style>    #film_roll_1 img {        height: 650px;        margin: 0px;        margin-left: 0px;        margin-right: 0px;    } @media (min-width: 1025px) {    #film_roll_1 img {        height: 650px;        margin: 0px;        margin-left: 0px;        margin-right: 0px;    } } @media (min-width: 768px) and (max-width: 1024px) {    #film_roll_1 img {        height: 450px;        margin: 0px;        margin-left: 0px;        margin-right: 0px;    } } @media (max-width: 767px) {    #film_roll_1 img {        height: 300px;        margin: 0px;        margin-left: 0px;        margin-right: 0px;    } }<\/style><link href=\"http:\/\/ddnstudio.com\/wp-content\/plugins\/filmroll-slider\/includes\/..\/css_personalizado.css\" rel=\"stylesheet\" type=\"text\/css\">\t\t\t\t\t\t\t\t<\/div>\n\t\t\t\t<\/div>\n\t\t\t\t<\/div>\n\t\t\t\t<\/div>\n\t\t<div class=\"elementor-element elementor-element-94f0ea3 e-flex e-con-boxed e-con e-parent\" data-id=\"94f0ea3\" data-element_type=\"container\" data-e-type=\"container\" data-settings=\"{&quot;background_background&quot;:&quot;classic&quot;}\">\n\t\t\t\t\t<div class=\"e-con-inner\">\n\t\t<div class=\"elementor-element elementor-element-437a6cf e-con-full e-flex e-con e-child\" data-id=\"437a6cf\" data-element_type=\"container\" data-e-type=\"container\">\n\t\t\t\t<div class=\"elementor-element elementor-element-3c7b2bd elementor-invisible elementor-widget elementor-widget-heading\" data-id=\"3c7b2bd\" data-element_type=\"widget\" data-e-type=\"widget\" data-settings=\"{&quot;_animation&quot;:&quot;fadeIn&quot;}\" data-widget_type=\"heading.default\">\n\t\t\t\t<div class=\"elementor-widget-container\">\n\t\t\t\t\t<h2 class=\"elementor-heading-title elementor-size-default\">SANATORIO ADVENTISTA DE ASUNCI&Oacute;N\n<\/h2>\t\t\t\t<\/div>\n\t\t\t\t<\/div>\n\t\t\t\t<div class=\"elementor-element elementor-element-20d5a4b elementor-view-default elementor-widget elementor-widget-icon\" data-id=\"20d5a4b\" data-element_type=\"widget\" data-e-type=\"widget\" data-widget_type=\"icon.default\">\n\t\t\t\t<div class=\"elementor-widget-container\">\n\t\t\t\t\t\t\t<div class=\"elementor-icon-wrapper\">\n\t\t\t<div class=\"elementor-icon\">\n\t\t\t<svg aria-hidden=\"true\" class=\"e-font-icon-svg e-far-window-minimize\" viewbox=\"0 0 512 512\" xmlns=\"http:\/\/www.w3.org\/2000\/svg\"><path d=\"M480 480H32c-17.7 0-32-14.3-32-32s14.3-32 32-32h448c17.7 0 32 14.3 32 32s-14.3 32-32 32z\"><\/path><\/svg>\t\t\t<\/div>\n\t\t<\/div>\n\t\t\t\t\t\t<\/div>\n\t\t\t\t<\/div>\n\t\t\t\t<div class=\"elementor-element elementor-element-46bca2b elementor-widget elementor-widget-text-editor\" data-id=\"46bca2b\" data-element_type=\"widget\" data-e-type=\"widget\" data-widget_type=\"text-editor.default\">\n\t\t\t\t<div class=\"elementor-widget-container\">\n\t\t\t\t\t\t\t\t\t<p>ASUNCI&Oacute;N \u2013 PARAGUAY.<\/p><strong>Planta Nueva<\/strong><p>\u00c1rea:  2.580 M2 \u2013 27,700 SF <\/p><strong>Areas of intervention<\/strong><ul><li>Definition of architecture program<\/li><li>Definition of match architectural<\/li><li>Definition of functional project<\/li><li>Definition of constructive system<\/li><li>Definition of infrastructure networks specified<\/li><\/ul><p> <\/p> <p><strong>HE<\/strong> | H\u00e1bitat Experimental<\/p>\t\t\t\t\t\t\t\t<\/div>\n\t\t\t\t<\/div>\n\t\t\t\t<\/div>\n\t\t\t\t\t<\/div>\n\t\t\t\t<\/div>\n\t\t\t\t<\/div>","protected":false},"excerpt":{"rendered":"<p>SANATORIO ADVENTISTA DE ASUNCION ASUNCION \u2013 PARAGUAY. Hospital de planta nueva. M2 de intervenci\u00f3n: 2.580m2 \u2013 27.700FT. \u00c1reas de intervenci\u00f3n Definici\u00f3n de programa arquitect\u00f3nico Definici\u00f3n de partido arquitect\u00f3nico Definici\u00f3n de proyecto funcional Definici\u00f3n de sistema constructivo Definici\u00f3n de redes de infraestructura especifica DD&#038;N MSNAC<\/p>","protected":false},"author":2,"featured_media":103,"parent":0,"menu_order":0,"comment_status":"closed","ping_status":"closed","template":"elementor_header_footer","meta":{"footnotes":""},"class_list":["post-1511","page","type-page","status-publish","has-post-thumbnail","hentry"],"_links":{"self":[{"href":"http:\/\/ddnstudio.com\/en\/wp-json\/wp\/v2\/pages\/1511","targetHints":{"allow":["GET"]}}],"collection":[{"href":"http:\/\/ddnstudio.com\/en\/wp-json\/wp\/v2\/pages"}],"about":[{"href":"http:\/\/ddnstudio.com\/en\/wp-json\/wp\/v2\/types\/page"}],"author":[{"embeddable":true,"href":"http:\/\/ddnstudio.com\/en\/wp-json\/wp\/v2\/users\/2"}],"replies":[{"embeddable":true,"href":"http:\/\/ddnstudio.com\/en\/wp-json\/wp\/v2\/comments?post=1511"}],"version-history":[{"count":4,"href":"http:\/\/ddnstudio.com\/en\/wp-json\/wp\/v2\/pages\/1511\/revisions"}],"predecessor-version":[{"id":2007,"href":"http:\/\/ddnstudio.com\/en\/wp-json\/wp\/v2\/pages\/1511\/revisions\/2007"}],"wp:featuredmedia":[{"embeddable":true,"href":"http:\/\/ddnstudio.com\/en\/wp-json\/wp\/v2\/media\/103"}],"wp:attachment":[{"href":"http:\/\/ddnstudio.com\/en\/wp-json\/wp\/v2\/media?parent=1511"}],"curies":[{"name":"wp","href":"https:\/\/api.w.org\/{rel}","templated":true}]}}