{"id":1517,"date":"2024-11-07T02:45:02","date_gmt":"2024-11-07T07:45:02","guid":{"rendered":"http:\/\/ddnstudio.com\/hpn4msnac3\/"},"modified":"2024-11-13T03:54:29","modified_gmt":"2024-11-13T08:54:29","slug":"hospital-del-bicentenario-de-gualeguaychu","status":"publish","type":"page","link":"http:\/\/ddnstudio.com\/en\/hospital-del-bicentenario-de-gualeguaychu\/","title":{"rendered":"HOSPITAL OF THE BICENTENNIAL OF GUALEGUAYCHU"},"content":{"rendered":"<div data-elementor-type=\"wp-page\" data-elementor-id=\"1517\" class=\"elementor elementor-1517\" data-elementor-post-type=\"page\">\n\t\t\t\t<div class=\"elementor-element elementor-element-b8150f2 e-con-full e-flex e-con e-parent\" data-id=\"b8150f2\" data-element_type=\"container\" data-e-type=\"container\" data-settings=\"{&quot;background_background&quot;:&quot;classic&quot;}\">\n\t\t<div class=\"elementor-element elementor-element-a3689f4 e-con-full e-flex e-con e-child\" data-id=\"a3689f4\" data-element_type=\"container\" data-e-type=\"container\">\n\t\t\t\t<div class=\"elementor-element elementor-element-bf88696 elementor-widget elementor-widget-text-editor\" data-id=\"bf88696\" data-element_type=\"widget\" data-e-type=\"widget\" data-widget_type=\"text-editor.default\">\n\t\t\t\t<div class=\"elementor-widget-container\">\n\t\t\t\t\t\t\t\t\t<div id=\"film_roll_1\"><div><img decoding=\"async\" src=\"https:\/\/ddnstudio.com\/wp-content\/uploads\/2025\/03\/HPN4MSNAC-1-1024x403.jpg\"  alt=\"\" \/><\/div><div><img decoding=\"async\" src=\"https:\/\/ddnstudio.com\/wp-content\/uploads\/2025\/03\/HPN4MSNAC-2-1024x513.jpg\"  alt=\"\" \/><\/div><div><img decoding=\"async\" src=\"https:\/\/ddnstudio.com\/wp-content\/uploads\/2025\/03\/HPN4MSNAC-3-1024x235.jpg\"  alt=\"\" \/><\/div><div><img decoding=\"async\" src=\"https:\/\/ddnstudio.com\/wp-content\/uploads\/2025\/03\/HPN4MSNAC-4-1024x576.jpg\"  alt=\"\" \/><\/div><div><img decoding=\"async\" src=\"https:\/\/ddnstudio.com\/wp-content\/uploads\/2025\/03\/HPN4MSNAC-5-1024x554.jpg\"  alt=\"\" \/><\/div><div><img decoding=\"async\" src=\"https:\/\/ddnstudio.com\/wp-content\/uploads\/2025\/03\/HPN4MSNAC-6-1024x529.jpg\"  alt=\"\" \/><\/div><div><img decoding=\"async\" src=\"https:\/\/ddnstudio.com\/wp-content\/uploads\/2025\/03\/HPN4MSNAC-7-1024x455.jpg\"  alt=\"\" \/><\/div><div><img decoding=\"async\" src=\"https:\/\/ddnstudio.com\/wp-content\/uploads\/2025\/03\/HPN4MSNAC-8-1024x673.jpg\"  alt=\"\" \/><\/div><\/div><style>    #film_roll_1 img {        height: 650px;        margin: 0px;        margin-left: 0px;        margin-right: 0px;    } @media (min-width: 1025px) {    #film_roll_1 img {        height: 650px;        margin: 0px;        margin-left: 0px;        margin-right: 0px;    } } @media (min-width: 768px) and (max-width: 1024px) {    #film_roll_1 img {        height: 450px;        margin: 0px;        margin-left: 0px;        margin-right: 0px;    } } @media (max-width: 767px) {    #film_roll_1 img {        height: 300px;        margin: 0px;        margin-left: 0px;        margin-right: 0px;    } }<\/style><link href=\"http:\/\/ddnstudio.com\/wp-content\/plugins\/filmroll-slider\/includes\/..\/css_personalizado.css\" rel=\"stylesheet\" type=\"text\/css\">\t\t\t\t\t\t\t\t<\/div>\n\t\t\t\t<\/div>\n\t\t\t\t<\/div>\n\t\t\t\t<\/div>\n\t\t<div class=\"elementor-element elementor-element-94f0ea3 e-flex e-con-boxed e-con e-parent\" data-id=\"94f0ea3\" data-element_type=\"container\" data-e-type=\"container\" data-settings=\"{&quot;background_background&quot;:&quot;classic&quot;}\">\n\t\t\t\t\t<div class=\"e-con-inner\">\n\t\t<div class=\"elementor-element elementor-element-437a6cf e-con-full e-flex e-con e-child\" data-id=\"437a6cf\" data-element_type=\"container\" data-e-type=\"container\">\n\t\t\t\t<div class=\"elementor-element elementor-element-3c7b2bd elementor-invisible elementor-widget elementor-widget-heading\" data-id=\"3c7b2bd\" data-element_type=\"widget\" data-e-type=\"widget\" data-settings=\"{&quot;_animation&quot;:&quot;fadeIn&quot;}\" data-widget_type=\"heading.default\">\n\t\t\t\t<div class=\"elementor-widget-container\">\n\t\t\t\t\t<h2 class=\"elementor-heading-title elementor-size-default\">HOSPITAL DEL BICENTENARIO DE GUALEGUAYCH\u00da\n<\/h2>\t\t\t\t<\/div>\n\t\t\t\t<\/div>\n\t\t\t\t<div class=\"elementor-element elementor-element-20d5a4b elementor-view-default elementor-widget elementor-widget-icon\" data-id=\"20d5a4b\" data-element_type=\"widget\" data-e-type=\"widget\" data-widget_type=\"icon.default\">\n\t\t\t\t<div class=\"elementor-widget-container\">\n\t\t\t\t\t\t\t<div class=\"elementor-icon-wrapper\">\n\t\t\t<div class=\"elementor-icon\">\n\t\t\t<svg aria-hidden=\"true\" class=\"e-font-icon-svg e-far-window-minimize\" viewbox=\"0 0 512 512\" xmlns=\"http:\/\/www.w3.org\/2000\/svg\"><path d=\"M480 480H32c-17.7 0-32-14.3-32-32s14.3-32 32-32h448c17.7 0 32 14.3 32 32s-14.3 32-32 32z\"><\/path><\/svg>\t\t\t<\/div>\n\t\t<\/div>\n\t\t\t\t\t\t<\/div>\n\t\t\t\t<\/div>\n\t\t\t\t<div class=\"elementor-element elementor-element-46bca2b elementor-widget elementor-widget-text-editor\" data-id=\"46bca2b\" data-element_type=\"widget\" data-e-type=\"widget\" data-widget_type=\"text-editor.default\">\n\t\t\t\t<div class=\"elementor-widget-container\">\n\t\t\t\t\t\t\t\t\t<p>GUALEGUAYCH\u00da \u2013 ENTRE RIOS \u2013 ARGENTINA\u00a0<\/p><strong>Planta Nueva<\/strong><p>\u00c1rea:  18.444 M2 \u2013 198,529 SF <\/p><strong>Areas of intervention<\/strong><ul><li>Definition of architecture program<\/li><li>Definition of match architectural<\/li><li>Definition of functional project<\/li><li>Definition of constructive system<\/li><li>Definition of infrastructure networks specified<\/li><\/ul><p> <\/p> <p><strong>MSNAC<\/strong> | Ministry of Health of the Nation<\/p>\t\t\t\t\t\t\t\t<\/div>\n\t\t\t\t<\/div>\n\t\t\t\t<\/div>\n\t\t\t\t\t<\/div>\n\t\t\t\t<\/div>\n\t\t\t\t<\/div>","protected":false},"excerpt":{"rendered":"<p>Sanatorio Adventista del Plata ENTRE R\u00cdOS \u2013 ARGENTINA \u00a0 Plan Director de Crecimiento\u00a0 M2 de intervenci\u00f3n: 27.992m2. \u00a0 \u00c1reas de intervenci\u00f3n Desdoblamiento de circulaciones interiores. Ampliaci\u00f3n y renovaci\u00f3n de \u00e1reas cr\u00edticas. Ampliaci\u00f3n y renovaci\u00f3n de \u00e1reas de abastecimiento y procesamiento. Ampliaci\u00f3n y renovaci\u00f3n de las redes de infraestructura y servicios. \u00a0 DD&amp;NDiDionisio Nakaschian Architects<\/p>","protected":false},"author":2,"featured_media":103,"parent":0,"menu_order":0,"comment_status":"closed","ping_status":"closed","template":"elementor_header_footer","meta":{"footnotes":""},"class_list":["post-1517","page","type-page","status-publish","has-post-thumbnail","hentry"],"_links":{"self":[{"href":"http:\/\/ddnstudio.com\/en\/wp-json\/wp\/v2\/pages\/1517","targetHints":{"allow":["GET"]}}],"collection":[{"href":"http:\/\/ddnstudio.com\/en\/wp-json\/wp\/v2\/pages"}],"about":[{"href":"http:\/\/ddnstudio.com\/en\/wp-json\/wp\/v2\/types\/page"}],"author":[{"embeddable":true,"href":"http:\/\/ddnstudio.com\/en\/wp-json\/wp\/v2\/users\/2"}],"replies":[{"embeddable":true,"href":"http:\/\/ddnstudio.com\/en\/wp-json\/wp\/v2\/comments?post=1517"}],"version-history":[{"count":1,"href":"http:\/\/ddnstudio.com\/en\/wp-json\/wp\/v2\/pages\/1517\/revisions"}],"predecessor-version":[{"id":1572,"href":"http:\/\/ddnstudio.com\/en\/wp-json\/wp\/v2\/pages\/1517\/revisions\/1572"}],"wp:featuredmedia":[{"embeddable":true,"href":"http:\/\/ddnstudio.com\/en\/wp-json\/wp\/v2\/media\/103"}],"wp:attachment":[{"href":"http:\/\/ddnstudio.com\/en\/wp-json\/wp\/v2\/media?parent=1517"}],"curies":[{"name":"wp","href":"https:\/\/api.w.org\/{rel}","templated":true}]}}