{"id":1014,"date":"2024-10-12T17:06:28","date_gmt":"2024-10-12T22:06:28","guid":{"rendered":"https:\/\/l0040351.ferozo.com\/?page_id=1014"},"modified":"2024-10-12T17:11:40","modified_gmt":"2024-10-12T22:11:40","slug":"hopital-clinico-iraq","status":"publish","type":"page","link":"https:\/\/ddnstudio.com\/en\/hopital-clinico-iraq\/","title":{"rendered":"HOSPITAL CLINICAL IRAQ"},"content":{"rendered":"<div data-elementor-type=\"wp-page\" data-elementor-id=\"1014\" class=\"elementor elementor-1014\" data-elementor-post-type=\"page\">\n\t\t\t\t<div class=\"elementor-element elementor-element-b8150f2 e-con-full e-flex e-con e-parent\" data-id=\"b8150f2\" data-element_type=\"container\" data-e-type=\"container\" data-settings=\"{&quot;background_background&quot;:&quot;classic&quot;}\">\n\t\t<div class=\"elementor-element elementor-element-a3689f4 e-con-full e-flex e-con e-child\" data-id=\"a3689f4\" data-element_type=\"container\" data-e-type=\"container\">\n\t\t\t\t<div class=\"elementor-element elementor-element-bf88696 elementor-widget elementor-widget-text-editor\" data-id=\"bf88696\" data-element_type=\"widget\" data-e-type=\"widget\" data-widget_type=\"text-editor.default\">\n\t\t\t\t<div class=\"elementor-widget-container\">\n\t\t\t\t\t\t\t\t\t<p><div id=\"film_roll_1\"><div><img decoding=\"async\" src=\"https:\/\/ddnstudio.com\/wp-content\/uploads\/2024\/10\/HPN19CASASIND1.1_page-0001-1024x724.jpg\"  alt=\"\" \/><\/div><div><img decoding=\"async\" src=\"https:\/\/ddnstudio.com\/wp-content\/uploads\/2024\/10\/HPN19CASASIND1.2_page-0001-724x1024.jpg\"  alt=\"\" \/><\/div><div><img decoding=\"async\" src=\"https:\/\/ddnstudio.com\/wp-content\/uploads\/2024\/10\/HPN19CASASIND1.3_page-0001-724x1024.jpg\"  alt=\"\" \/><\/div><div><img decoding=\"async\" src=\"https:\/\/ddnstudio.com\/wp-content\/uploads\/2024\/10\/HPN19CASASIND1.4_page-0001-1024x724.jpg\"  alt=\"\" \/><\/div><\/div><style>    #film_roll_1 img {        height: 650px;        margin: 0px;        margin-left: 0px;        margin-right: 0px;    } @media (min-width: 1025px) {    #film_roll_1 img {        height: 650px;        margin: 0px;        margin-left: 0px;        margin-right: 0px;    } } @media (min-width: 768px) and (max-width: 1024px) {    #film_roll_1 img {        height: 450px;        margin: 0px;        margin-left: 0px;        margin-right: 0px;    } } @media (max-width: 767px) {    #film_roll_1 img {        height: 300px;        margin: 0px;        margin-left: 0px;        margin-right: 0px;    } }<\/style><link href=\"https:\/\/ddnstudio.com\/wp-content\/plugins\/filmroll-slider\/includes\/..\/css_personalizado.css\" rel=\"stylesheet\" type=\"text\/css\"><\/p>\t\t\t\t\t\t\t\t<\/div>\n\t\t\t\t<\/div>\n\t\t\t\t<\/div>\n\t\t\t\t<\/div>\n\t\t<div class=\"elementor-element elementor-element-94f0ea3 e-flex e-con-boxed e-con e-parent\" data-id=\"94f0ea3\" data-element_type=\"container\" data-e-type=\"container\" data-settings=\"{&quot;background_background&quot;:&quot;classic&quot;}\">\n\t\t\t\t\t<div class=\"e-con-inner\">\n\t\t<div class=\"elementor-element elementor-element-437a6cf e-con-full e-flex e-con e-child\" data-id=\"437a6cf\" data-element_type=\"container\" data-e-type=\"container\">\n\t\t\t\t<div class=\"elementor-element elementor-element-3c7b2bd elementor-invisible elementor-widget elementor-widget-heading\" data-id=\"3c7b2bd\" data-element_type=\"widget\" data-e-type=\"widget\" data-settings=\"{&quot;_animation&quot;:&quot;fadeIn&quot;}\" data-widget_type=\"heading.default\">\n\t\t\t\t<div class=\"elementor-widget-container\">\n\t\t\t\t\t<h2 class=\"elementor-heading-title elementor-size-default\">HOSPITAL CLINICAL IRAQ\n<\/h2>\t\t\t\t<\/div>\n\t\t\t\t<\/div>\n\t\t\t\t<div class=\"elementor-element elementor-element-20d5a4b elementor-view-default elementor-widget elementor-widget-icon\" data-id=\"20d5a4b\" data-element_type=\"widget\" data-e-type=\"widget\" data-widget_type=\"icon.default\">\n\t\t\t\t<div class=\"elementor-widget-container\">\n\t\t\t\t\t\t\t<div class=\"elementor-icon-wrapper\">\n\t\t\t<div class=\"elementor-icon\">\n\t\t\t<svg aria-hidden=\"true\" class=\"e-font-icon-svg e-far-window-minimize\" viewbox=\"0 0 512 512\" xmlns=\"http:\/\/www.w3.org\/2000\/svg\"><path d=\"M480 480H32c-17.7 0-32-14.3-32-32s14.3-32 32-32h448c17.7 0 32 14.3 32 32s-14.3 32-32 32z\"><\/path><\/svg>\t\t\t<\/div>\n\t\t<\/div>\n\t\t\t\t\t\t<\/div>\n\t\t\t\t<\/div>\n\t\t\t\t<div class=\"elementor-element elementor-element-46bca2b elementor-widget elementor-widget-text-editor\" data-id=\"46bca2b\" data-element_type=\"widget\" data-e-type=\"widget\" data-widget_type=\"text-editor.default\">\n\t\t\t\t<div class=\"elementor-widget-container\">\n\t\t\t\t\t\t\t\t\t<p>BAGHDAD \u2013 IRAQ<\/p><p><strong>New plant<\/strong><\/p><p>\u00c1rea: 15.000 M2 \u2013 161,458 SF <\/p><p><strong>Areas of intervention<\/strong><\/p><ul><li>Constructive definition \u2013 Adaptation industrialized system of construction<\/li><li>Definition of engineering infrastructure support.<\/li><\/ul><p> <\/p> <p><strong>CASASIND<\/strong> Casas Industriales <\/p>\t\t\t\t\t\t\t\t<\/div>\n\t\t\t\t<\/div>\n\t\t\t\t<\/div>\n\t\t\t\t\t<\/div>\n\t\t\t\t<\/div>\n\t\t\t\t<\/div>","protected":false},"excerpt":{"rendered":"<p>HOPITAL CLINICO IRAQ BAGDAD \u2013 IRAQ Hospital de planta nueva. M2 de intervenci\u00f3n: 15.000m2 \u2013 161.458FT2. \u00c1reas de intervenci\u00f3n Definici\u00f3n constructiva \u2013 Adaptaci\u00f3n sistema industrializado de construcci\u00f3n Definici\u00f3n de ingenier\u00edas de infraestructura soporte. \u00a0 DD&amp;N CASASIND<\/p>","protected":false},"author":2,"featured_media":103,"parent":0,"menu_order":0,"comment_status":"closed","ping_status":"closed","template":"elementor_header_footer","meta":{"footnotes":""},"class_list":["post-1014","page","type-page","status-publish","has-post-thumbnail","hentry"],"_links":{"self":[{"href":"https:\/\/ddnstudio.com\/en\/wp-json\/wp\/v2\/pages\/1014","targetHints":{"allow":["GET"]}}],"collection":[{"href":"https:\/\/ddnstudio.com\/en\/wp-json\/wp\/v2\/pages"}],"about":[{"href":"https:\/\/ddnstudio.com\/en\/wp-json\/wp\/v2\/types\/page"}],"author":[{"embeddable":true,"href":"https:\/\/ddnstudio.com\/en\/wp-json\/wp\/v2\/users\/2"}],"replies":[{"embeddable":true,"href":"https:\/\/ddnstudio.com\/en\/wp-json\/wp\/v2\/comments?post=1014"}],"version-history":[{"count":5,"href":"https:\/\/ddnstudio.com\/en\/wp-json\/wp\/v2\/pages\/1014\/revisions"}],"predecessor-version":[{"id":1019,"href":"https:\/\/ddnstudio.com\/en\/wp-json\/wp\/v2\/pages\/1014\/revisions\/1019"}],"wp:featuredmedia":[{"embeddable":true,"href":"https:\/\/ddnstudio.com\/en\/wp-json\/wp\/v2\/media\/103"}],"wp:attachment":[{"href":"https:\/\/ddnstudio.com\/en\/wp-json\/wp\/v2\/media?parent=1014"}],"curies":[{"name":"wp","href":"https:\/\/api.w.org\/{rel}","templated":true}]}}