{"id":1278,"date":"2024-10-13T15:04:28","date_gmt":"2024-10-13T20:04:28","guid":{"rendered":"https:\/\/l0040351.ferozo.com\/?page_id=1278"},"modified":"2025-03-15T23:18:18","modified_gmt":"2025-03-16T04:18:18","slug":"sanatorio-adventista-del-plata-plan-director","status":"publish","type":"page","link":"https:\/\/ddnstudio.com\/en\/sanatorio-adventista-del-plata-plan-director\/","title":{"rendered":"SANATORIO ADVENTISTA DEL PLATA &#8211; PLAN DIRECTOR"},"content":{"rendered":"<div data-elementor-type=\"wp-page\" data-elementor-id=\"1278\" class=\"elementor elementor-1278\" data-elementor-post-type=\"page\">\n\t\t\t\t<div class=\"elementor-element elementor-element-b8150f2 e-con-full e-flex e-con e-parent\" data-id=\"b8150f2\" data-element_type=\"container\" data-e-type=\"container\" data-settings=\"{&quot;background_background&quot;:&quot;classic&quot;}\">\n\t\t<div class=\"elementor-element elementor-element-a3689f4 e-con-full e-flex e-con e-child\" data-id=\"a3689f4\" data-element_type=\"container\" data-e-type=\"container\">\n\t\t\t\t<div class=\"elementor-element elementor-element-bf88696 elementor-widget elementor-widget-text-editor\" data-id=\"bf88696\" data-element_type=\"widget\" data-e-type=\"widget\" data-widget_type=\"text-editor.default\">\n\t\t\t\t<div class=\"elementor-widget-container\">\n\t\t\t\t\t\t\t\t\t<div id=\"film_roll_1\"><div><img decoding=\"async\" src=\"https:\/\/ddnstudio.com\/wp-content\/uploads\/2025\/01\/PDDDN13.a-1-1024x683.jpg\"  alt=\"\" \/><\/div><div><img decoding=\"async\" src=\"https:\/\/ddnstudio.com\/wp-content\/uploads\/2025\/01\/PDDDN13.b-1024x387.jpg\"  alt=\"\" \/><\/div><div><img decoding=\"async\" src=\"https:\/\/ddnstudio.com\/wp-content\/uploads\/2025\/01\/PDDDN13.c-1024x512.jpg\"  alt=\"\" \/><\/div><div><img decoding=\"async\" src=\"https:\/\/ddnstudio.com\/wp-content\/uploads\/2025\/01\/PDDDN13.d-1024x512.jpg\"  alt=\"\" \/><\/div><div><img decoding=\"async\" src=\"https:\/\/ddnstudio.com\/wp-content\/uploads\/2025\/01\/PDDDN13.e-1024x512.jpg\"  alt=\"\" \/><\/div><\/div><style>    #film_roll_1 img {        height: 300px;        margin: 0px;        margin-left: 0px;        margin-right: 0px;    } @media (min-width: 1025px) {    #film_roll_1 img {        height: 500px;        margin: 0px;        margin-left: 0px;        margin-right: 0px;    } } @media (min-width: 768px) and (max-width: 1024px) {    #film_roll_1 img {        height: 300px;        margin: 0px;        margin-left: 0px;        margin-right: 0px;    } } @media (max-width: 767px) {    #film_roll_1 img {        height: 200px;        margin: 0px;        margin-left: 0px;        margin-right: 0px;    } }<\/style><link href=\"https:\/\/ddnstudio.com\/wp-content\/plugins\/filmroll-slider\/includes\/..\/css_personalizado.css\" rel=\"stylesheet\" type=\"text\/css\">\t\t\t\t\t\t\t\t<\/div>\n\t\t\t\t<\/div>\n\t\t\t\t<\/div>\n\t\t\t\t<\/div>\n\t\t<div class=\"elementor-element elementor-element-94f0ea3 e-flex e-con-boxed e-con e-parent\" data-id=\"94f0ea3\" data-element_type=\"container\" data-e-type=\"container\" data-settings=\"{&quot;background_background&quot;:&quot;classic&quot;}\">\n\t\t\t\t\t<div class=\"e-con-inner\">\n\t\t<div class=\"elementor-element elementor-element-437a6cf e-con-full e-flex e-con e-child\" data-id=\"437a6cf\" data-element_type=\"container\" data-e-type=\"container\">\n\t\t\t\t<div class=\"elementor-element elementor-element-3c7b2bd elementor-invisible elementor-widget elementor-widget-heading\" data-id=\"3c7b2bd\" data-element_type=\"widget\" data-e-type=\"widget\" data-settings=\"{&quot;_animation&quot;:&quot;fadeIn&quot;}\" data-widget_type=\"heading.default\">\n\t\t\t\t<div class=\"elementor-widget-container\">\n\t\t\t\t\t<h2 class=\"elementor-heading-title elementor-size-default\">PLATA ADVENTIST SANATORIUM<\/h2>\t\t\t\t<\/div>\n\t\t\t\t<\/div>\n\t\t\t\t<div class=\"elementor-element elementor-element-20d5a4b elementor-view-default elementor-widget elementor-widget-icon\" data-id=\"20d5a4b\" data-element_type=\"widget\" data-e-type=\"widget\" data-widget_type=\"icon.default\">\n\t\t\t\t<div class=\"elementor-widget-container\">\n\t\t\t\t\t\t\t<div class=\"elementor-icon-wrapper\">\n\t\t\t<div class=\"elementor-icon\">\n\t\t\t<svg aria-hidden=\"true\" class=\"e-font-icon-svg e-far-window-minimize\" viewbox=\"0 0 512 512\" xmlns=\"http:\/\/www.w3.org\/2000\/svg\"><path d=\"M480 480H32c-17.7 0-32-14.3-32-32s14.3-32 32-32h448c17.7 0 32 14.3 32 32s-14.3 32-32 32z\"><\/path><\/svg>\t\t\t<\/div>\n\t\t<\/div>\n\t\t\t\t\t\t<\/div>\n\t\t\t\t<\/div>\n\t\t\t\t<div class=\"elementor-element elementor-element-46bca2b elementor-widget elementor-widget-text-editor\" data-id=\"46bca2b\" data-element_type=\"widget\" data-e-type=\"widget\" data-widget_type=\"text-editor.default\">\n\t\t\t\t<div class=\"elementor-widget-container\">\n\t\t\t\t\t\t\t\t\t<p>ENTRE RIOS \u2013 ARGENTINA<\/p><p><strong>Plan Director<\/strong><\/p><p>\u00c1rea: 30.000 M2 &#8211; 322,917 SF<\/p><p><strong>Areas of intervention<\/strong><\/p><ul><li>Cleavage of internal circulation.<\/li><li>Expansion and renovation of critical areas.<\/li><li>Expansion and renovation of the areas of procurement and processing.<\/li><li>Expansion and renovation of infrastructure networks and services.<\/li><\/ul><p>\u00a0<\/p><p><strong>DD&amp;N<\/strong> | DiDionisio Nakaschian Architects<\/p>\t\t\t\t\t\t\t\t<\/div>\n\t\t\t\t<\/div>\n\t\t\t\t<\/div>\n\t\t\t\t\t<\/div>\n\t\t\t\t<\/div>\n\t\t\t\t<\/div>","protected":false},"excerpt":{"rendered":"<p>\u00a0 SANATORIO ADVENTISTA DEL PLATA ENTRE RIOS \u2013 ARGENTINA Plan director de crecimiento. \u00c1rea: 27.992 M2 &#8211; SF \u00c1reas de intervenci\u00f3n Desdoblamiento de circulaciones interiores. Ampliaci\u00f3n y renovaci\u00f3n de \u00e1reas cr\u00edticas. Ampliaci\u00f3n y renovaci\u00f3n de \u00e1reas de abastecimiento y procesamiento. Ampliaci\u00f3n y renovaci\u00f3n de las redes de infraestructura y servicios. \u00a0 DD&amp;N | DiDionisio Nakaschian [&hellip;]<\/p>","protected":false},"author":2,"featured_media":103,"parent":0,"menu_order":0,"comment_status":"closed","ping_status":"closed","template":"elementor_header_footer","meta":{"footnotes":""},"class_list":["post-1278","page","type-page","status-publish","has-post-thumbnail","hentry"],"_links":{"self":[{"href":"https:\/\/ddnstudio.com\/en\/wp-json\/wp\/v2\/pages\/1278","targetHints":{"allow":["GET"]}}],"collection":[{"href":"https:\/\/ddnstudio.com\/en\/wp-json\/wp\/v2\/pages"}],"about":[{"href":"https:\/\/ddnstudio.com\/en\/wp-json\/wp\/v2\/types\/page"}],"author":[{"embeddable":true,"href":"https:\/\/ddnstudio.com\/en\/wp-json\/wp\/v2\/users\/2"}],"replies":[{"embeddable":true,"href":"https:\/\/ddnstudio.com\/en\/wp-json\/wp\/v2\/comments?post=1278"}],"version-history":[{"count":12,"href":"https:\/\/ddnstudio.com\/en\/wp-json\/wp\/v2\/pages\/1278\/revisions"}],"predecessor-version":[{"id":2173,"href":"https:\/\/ddnstudio.com\/en\/wp-json\/wp\/v2\/pages\/1278\/revisions\/2173"}],"wp:featuredmedia":[{"embeddable":true,"href":"https:\/\/ddnstudio.com\/en\/wp-json\/wp\/v2\/media\/103"}],"wp:attachment":[{"href":"https:\/\/ddnstudio.com\/en\/wp-json\/wp\/v2\/media?parent=1278"}],"curies":[{"name":"wp","href":"https:\/\/api.w.org\/{rel}","templated":true}]}}